{"id":2246,"date":"2019-03-25T16:34:43","date_gmt":"2019-03-25T15:34:43","guid":{"rendered":"https:\/\/apps.gloria.hr\/trazim\/?page_id=2246"},"modified":"2019-03-26T20:48:19","modified_gmt":"2019-03-26T19:48:19","slug":"standardna-dijabeticka-dijeta-s-tri-obroka-dnevno","status":"publish","type":"page","link":"https:\/\/apps.gloria.hr\/trazim\/standardna-dijabeticka-dijeta-s-tri-obroka-dnevno\/","title":{"rendered":"Standardna dijabeti\u010dka dijeta s tri obroka dnevno"},"content":{"rendered":"<p>Izvor: dr. Ratimir Kova\u010devi\u0107 i suradnici, Priru\u010dnik dijetalne prehrane, Izdava\u010d Hrvatska dijabeti\u010dka udruga Klinika &#8220;Vuk Vrhovac&#8221;, Zagreb, 1994.<\/p>\n<p>Energetska vrijednost dijeta od 4200 KJ (1000 Kcal) do 11340 KJ (2700 Kcal)<\/p>\n<h4>Mjerenje \u017elicama<\/h4>\n<div class=\"table-responsive\">\n<table class=\"table table-striped table-hover\" border=\"0\">\n<thead class=\"thead-dark\">\n<tr>\n<th>Vrsta namirnice<\/th>\n<th>Razom puna velika \u017elica<\/th>\n<th>Vrhom puna velika \u017elica<\/th>\n<th>Razom puna \u010dajna \u017elica<\/th>\n<\/tr>\n<\/thead>\n<tbody>\n<tr>\n<td>Sol<\/td>\n<td>15 g<\/td>\n<td>&#8211;<\/td>\n<td>5<\/td>\n<\/tr>\n<tr>\n<td>Bra\u0161no<\/td>\n<td>10 g<\/td>\n<td>20<\/td>\n<td>5<\/td>\n<\/tr>\n<tr>\n<td>Kru\u0161ne mrvice<\/td>\n<td>10 g<\/td>\n<td>20<\/td>\n<td>&#8211;<\/td>\n<\/tr>\n<tr>\n<td>\u0160krobno bra\u0161no (Gustin)<\/td>\n<td>10 g<\/td>\n<td>15 &#8211; 20<\/td>\n<td>3 g<\/td>\n<\/tr>\n<tr>\n<td>Kukuruzna krupica<\/td>\n<td>15 g<\/td>\n<td>20<\/td>\n<td>6<\/td>\n<\/tr>\n<tr>\n<td>Ri\u017ea<\/td>\n<td>15 g<\/td>\n<td>20<\/td>\n<td>5<\/td>\n<\/tr>\n<tr>\n<td>Ulje<\/td>\n<td>10 g<\/td>\n<td>&#8211;<\/td>\n<td>5<\/td>\n<\/tr>\n<\/tbody>\n<\/table>\n<\/div>\n<h4>Mjerenje teku\u0107ine<\/h4>\n<p><strong>1 \u0161alica = 2,5 dl<\/strong><br \/>\n<strong>1 velika \u017elica = 15 ml<\/strong><br \/>\n<strong>1 \u010dajna \u017elica = 5 ml<\/strong><\/p>\n<h4>Energetska vrijednost sastojaka hrane<\/h4>\n<p><strong>1 g bjelan\u010devina = 4 Kcal x 4,2 = 16,8 KJ<\/strong><br \/>\n<strong>1 g ugljikohidrata = 4 Kcal x 4,2 = 16,8 KJ<\/strong><br \/>\n<strong>1 g masti = 9 Kcal x 4,2 = 37,8 KJ<\/strong><br \/>\n<strong>1 g \u010distog alkohola = 7 Kcal x 4,2 = 29,4 KJ<\/strong><\/p>\n","protected":false},"excerpt":{"rendered":"Izvor: dr. Ratimir Kova\u010devi\u0107 i suradnici, Priru\u010dnik dijetalne prehrane, Izdava\u010d Hrvatska dijabeti\u010dka udruga Klinika &#8220;Vuk Vrhovac&#8221;, Zagreb, 1994. Energetska vrijednost dijeta od 4200 KJ (1000 Kcal) do 11340 KJ (2700 Kcal) Mjerenje \u017elicama Vrsta namirnice Razom puna velika \u017elica Vrhom puna velika \u017elica Razom puna \u010dajna \u017elica Sol 15 g &#8211; 5 Bra\u0161no 10 g&#8230;","protected":false},"author":2,"featured_media":2340,"parent":0,"menu_order":0,"comment_status":"closed","ping_status":"closed","template":"","meta":[],"acf":[],"_links":{"self":[{"href":"https:\/\/apps.gloria.hr\/trazim\/wp-json\/wp\/v2\/pages\/2246"}],"collection":[{"href":"https:\/\/apps.gloria.hr\/trazim\/wp-json\/wp\/v2\/pages"}],"about":[{"href":"https:\/\/apps.gloria.hr\/trazim\/wp-json\/wp\/v2\/types\/page"}],"author":[{"embeddable":true,"href":"https:\/\/apps.gloria.hr\/trazim\/wp-json\/wp\/v2\/users\/2"}],"replies":[{"embeddable":true,"href":"https:\/\/apps.gloria.hr\/trazim\/wp-json\/wp\/v2\/comments?post=2246"}],"version-history":[{"count":0,"href":"https:\/\/apps.gloria.hr\/trazim\/wp-json\/wp\/v2\/pages\/2246\/revisions"}],"wp:featuredmedia":[{"embeddable":true,"href":"https:\/\/apps.gloria.hr\/trazim\/wp-json\/wp\/v2\/media\/2340"}],"wp:attachment":[{"href":"https:\/\/apps.gloria.hr\/trazim\/wp-json\/wp\/v2\/media?parent=2246"}],"curies":[{"name":"wp","href":"https:\/\/api.w.org\/{rel}","templated":true}]}}